{"id":2900,"date":"2024-03-12T14:30:58","date_gmt":"2024-03-12T13:30:58","guid":{"rendered":"https:\/\/sugyp.com\/?page_id=2900"},"modified":"2024-12-03T18:41:58","modified_gmt":"2024-12-03T17:41:58","slug":"event-organisation-and-logistics","status":"publish","type":"page","link":"https:\/\/sugyp.com\/en\/event-organisation-and-logistics\/","title":{"rendered":"Event organisation and logistics"},"content":{"rendered":"\n<h1>\n\t\tCr\u00e9ation et logistique d&#8217;\u00e9v\u00e9nements\n\t<\/h1>\n\t\t\t<a href=\"https:\/\/sugyp.com\/en\/contact\/\" target=\"_self\" rel=\"noopener\">\n\t\t\t\t\t\t\tContact us\n\t\t\t\t\t<\/a>\n\t<p>&#8220;Our event team is at your disposal, to support you with your event plans.&#8221;<\/p>\n<p><em>Your Sugyp team<\/em><\/p>\n\t\t<h4>Infrastructure<\/h4>\n\t\t<h4>Coordination<\/h4>\n\t\t<h4>Event direction<\/h4>\n\t\t<h4>Decoration<\/h4>\n\t\t\t\t<a href=\"https:\/\/sugyp.com\/wp-content\/uploads\/2024\/12\/Table.jpg\" target=\"_self\" itemprop=\"url\" rel=\"noopener\">\n\t\t\t\t<img loading=\"lazy\" decoding=\"async\" src=\"https:\/\/sugyp.com\/wp-content\/uploads\/2024\/12\/Table-1024x1024.jpg\" alt=\"Table\" itemprop=\"image\" height=\"1024\" width=\"1024\" title=\"Table\" onerror=\"this.style.display='none'\"  \/>\n\t\t\t\t<\/a>\n\t\t\t\t<a href=\"https:\/\/sugyp.com\/wp-content\/uploads\/2024\/02\/sugyp_event4.jpg\" target=\"_self\" itemprop=\"url\" rel=\"noopener\">\n\t\t\t\t<img loading=\"lazy\" decoding=\"async\" src=\"https:\/\/sugyp.com\/wp-content\/uploads\/2024\/02\/sugyp_event4.jpg\" alt=\"sugyp_event4\" itemprop=\"image\" height=\"600\" width=\"600\" title=\"sugyp_event4\" onerror=\"this.style.display='none'\"  \/>\n\t\t\t\t<\/a>\n\t\t\t\t<a href=\"https:\/\/sugyp.com\/wp-content\/uploads\/2024\/02\/sugyp_event7.jpg\" target=\"_self\" itemprop=\"url\" rel=\"noopener\">\n\t\t\t\t<img loading=\"lazy\" decoding=\"async\" src=\"https:\/\/sugyp.com\/wp-content\/uploads\/2024\/02\/sugyp_event7.jpg\" alt=\"sugyp_event7\" itemprop=\"image\" height=\"600\" width=\"600\" title=\"sugyp_event7\" onerror=\"this.style.display='none'\"  \/>\n\t\t\t\t<\/a>\n\t\t\t\t<a href=\"https:\/\/sugyp.com\/wp-content\/uploads\/2024\/02\/sugyp_event3.jpg\" target=\"_self\" itemprop=\"url\" rel=\"noopener\">\n\t\t\t\t<img loading=\"lazy\" decoding=\"async\" src=\"https:\/\/sugyp.com\/wp-content\/uploads\/2024\/02\/sugyp_event3.jpg\" alt=\"sugyp_event3\" itemprop=\"image\" height=\"600\" width=\"600\" title=\"sugyp_event3\" onerror=\"this.style.display='none'\"  \/>\n\t\t\t\t<\/a>\n\t\t\t\t<a href=\"https:\/\/sugyp.com\/wp-content\/uploads\/2024\/12\/Tigre-00023.jpg\" target=\"_self\" itemprop=\"url\" rel=\"noopener\">\n\t\t\t\t<img loading=\"lazy\" decoding=\"async\" src=\"https:\/\/sugyp.com\/wp-content\/uploads\/2024\/12\/Tigre-00023-1024x1024.jpg\" alt=\"Tigre 00023\" itemprop=\"image\" height=\"1024\" width=\"1024\" title=\"Tigre 00023\" onerror=\"this.style.display='none'\"  \/>\n\t\t\t\t<\/a>\n\t\t\t\t<a href=\"https:\/\/sugyp.com\/wp-content\/uploads\/2024\/02\/sugyp_event10.jpg\" target=\"_self\" itemprop=\"url\" rel=\"noopener\">\n\t\t\t\t<img loading=\"lazy\" decoding=\"async\" src=\"https:\/\/sugyp.com\/wp-content\/uploads\/2024\/02\/sugyp_event10.jpg\" alt=\"sugyp_event10\" itemprop=\"image\" height=\"600\" width=\"600\" title=\"sugyp_event10\" onerror=\"this.style.display='none'\"  \/>\n\t\t\t\t<\/a>\n\t\t\t\t<a href=\"https:\/\/sugyp.com\/wp-content\/uploads\/2024\/02\/sugyp_event12.jpg\" target=\"_self\" itemprop=\"url\" rel=\"noopener\">\n\t\t\t\t<img loading=\"lazy\" decoding=\"async\" src=\"https:\/\/sugyp.com\/wp-content\/uploads\/2024\/02\/sugyp_event12.jpg\" alt=\"sugyp_event12\" itemprop=\"image\" height=\"600\" width=\"600\" title=\"sugyp_event12\" onerror=\"this.style.display='none'\"  \/>\n\t\t\t\t<\/a>\n\t\t\t\t<a href=\"https:\/\/sugyp.com\/wp-content\/uploads\/2024\/02\/sugyp_event6.jpg\" target=\"_self\" itemprop=\"url\" rel=\"noopener\">\n\t\t\t\t<img loading=\"lazy\" decoding=\"async\" src=\"https:\/\/sugyp.com\/wp-content\/uploads\/2024\/02\/sugyp_event6.jpg\" alt=\"sugyp_event6\" itemprop=\"image\" height=\"600\" width=\"600\" title=\"sugyp_event6\" onerror=\"this.style.display='none'\"  \/>\n\t\t\t\t<\/a>\n\t\t\t\t<a href=\"https:\/\/sugyp.com\/wp-content\/uploads\/2024\/12\/DJs-Carmen-Corinna_Igor.jpg\" target=\"_self\" itemprop=\"url\" rel=\"noopener\">\n\t\t\t\t<img loading=\"lazy\" decoding=\"async\" src=\"https:\/\/sugyp.com\/wp-content\/uploads\/2024\/12\/DJs-Carmen-Corinna_Igor-1024x1024.jpg\" alt=\"DJs Carmen Corinna_Igor\" itemprop=\"image\" height=\"1024\" width=\"1024\" title=\"DJs Carmen Corinna_Igor\" onerror=\"this.style.display='none'\"  \/>\n\t\t\t\t<\/a>\n\n","protected":false},"excerpt":{"rendered":"<p>Cr\u00e9ation et logistique d&#8217;\u00e9v\u00e9nements Contact us &#8220;Our event team is at your disposal, to support you with your event plans.&#8221; Your Sugyp team Infrastructure Coordination Event direction Decoration<\/p>\n","protected":false},"author":5,"featured_media":0,"parent":0,"menu_order":10,"comment_status":"closed","ping_status":"closed","template":"","meta":{"_acf_changed":false,"inline_featured_image":false,"footnotes":""},"acf":[],"_links":{"self":[{"href":"https:\/\/sugyp.com\/en\/wp-json\/wp\/v2\/pages\/2900"}],"collection":[{"href":"https:\/\/sugyp.com\/en\/wp-json\/wp\/v2\/pages"}],"about":[{"href":"https:\/\/sugyp.com\/en\/wp-json\/wp\/v2\/types\/page"}],"author":[{"embeddable":true,"href":"https:\/\/sugyp.com\/en\/wp-json\/wp\/v2\/users\/5"}],"replies":[{"embeddable":true,"href":"https:\/\/sugyp.com\/en\/wp-json\/wp\/v2\/comments?post=2900"}],"version-history":[{"count":3,"href":"https:\/\/sugyp.com\/en\/wp-json\/wp\/v2\/pages\/2900\/revisions"}],"predecessor-version":[{"id":3040,"href":"https:\/\/sugyp.com\/en\/wp-json\/wp\/v2\/pages\/2900\/revisions\/3040"}],"wp:attachment":[{"href":"https:\/\/sugyp.com\/en\/wp-json\/wp\/v2\/media?parent=2900"}],"curies":[{"name":"wp","href":"https:\/\/api.w.org\/{rel}","templated":true}]}}