{"id":476,"date":"2015-08-04T10:30:56","date_gmt":"2015-08-04T08:30:56","guid":{"rendered":"https:\/\/sug.test\/?page_id=476"},"modified":"2026-04-13T09:33:14","modified_gmt":"2026-04-13T07:33:14","slug":"kontakt","status":"publish","type":"page","link":"https:\/\/sugyp.com\/de\/kontakt\/","title":{"rendered":"Kontakt"},"content":{"rendered":"\n<h1>\n\t\tKontakt\n\t<\/h1>\n\t<p><a href=\"\/\">\u2190 back to home<\/a><\/p>\n\t<p>Z\u00f6gern Sie nicht, uns zu kontaktieren, gerne beantworten wir Ihre Fragen.<\/p>\n\t<strong>SUGYP SA<\/strong><br \/>\n<strong>Z.I. des Troches 1<\/strong><br \/>\n<strong>1562 Corcelles-pr\u00e8s-Payerne (VD)<\/strong><br \/>\n<strong>Schweiz<\/strong>\n<p>Tel. <a href=\"tel:+41244454433\">+41 24 445 44 33<\/a><\/p>\n<p>&nbsp;<\/p>\n<p><b>\u00d6ffnungszeiten<\/b><\/p>\nvom Montag bis Freitag<br \/>\n8 &#8211; 12 und 13 &#8211; 17 Uhr\n<p>Vor Feiertagen k\u00f6nnen die \u00d6ffnungszeiten angepasst werden.<\/p>\n<p>&nbsp;<\/p>\n<p>&nbsp;<\/p>\n<p>&nbsp;<\/p>\n\t<p><strong>Bildrechte Fotos :<\/strong> Die Fotos auf dieser Seite sind von\u00a0: M. Beretta, M. Maier, M. Marchon, M. Morard, M. Rieder, M. Rommerskirchen, M. Rychner, Mme Walder, M. Garnier sowie unseren Fachleuten bei unseren Feuerwerken oder in unseren Lagern.<\/p>\n\t<iframe src=\"https:\/\/www.google.com\/maps\/embed\/v1\/place?q=46.8485389%2C+6.9572972222222225&#038;key=AIzaSyD09zQ9PNDNNy9TadMuzRV_UsPUoWKntt8\" aria-hidden=\"true\"><\/iframe>\n\n","protected":false},"excerpt":{"rendered":"<p>Kontakt \u2190 back to home Z\u00f6gern Sie nicht, uns zu kontaktieren, gerne beantworten wir Ihre Fragen. SUGYP SA Z.I. des Troches 1 1562 Corcelles-pr\u00e8s-Payerne (VD) Schweiz Tel. +41 24 445 44 33 &nbsp; \u00d6ffnungszeiten vom Montag bis Freitag 8 &#8211; 12 und 13 &#8211; 17 Uhr Vor Feiertagen k\u00f6nnen die \u00d6ffnungszeiten angepasst werden. &nbsp; &nbsp;&hellip;<\/p>\n","protected":false},"author":5,"featured_media":0,"parent":0,"menu_order":30,"comment_status":"closed","ping_status":"closed","template":"","meta":{"_acf_changed":false,"inline_featured_image":false,"footnotes":""},"acf":[],"_links":{"self":[{"href":"https:\/\/sugyp.com\/de\/wp-json\/wp\/v2\/pages\/476"}],"collection":[{"href":"https:\/\/sugyp.com\/de\/wp-json\/wp\/v2\/pages"}],"about":[{"href":"https:\/\/sugyp.com\/de\/wp-json\/wp\/v2\/types\/page"}],"author":[{"embeddable":true,"href":"https:\/\/sugyp.com\/de\/wp-json\/wp\/v2\/users\/5"}],"replies":[{"embeddable":true,"href":"https:\/\/sugyp.com\/de\/wp-json\/wp\/v2\/comments?post=476"}],"version-history":[{"count":45,"href":"https:\/\/sugyp.com\/de\/wp-json\/wp\/v2\/pages\/476\/revisions"}],"predecessor-version":[{"id":3345,"href":"https:\/\/sugyp.com\/de\/wp-json\/wp\/v2\/pages\/476\/revisions\/3345"}],"wp:attachment":[{"href":"https:\/\/sugyp.com\/de\/wp-json\/wp\/v2\/media?parent=476"}],"curies":[{"name":"wp","href":"https:\/\/api.w.org\/{rel}","templated":true}]}}