{"id":467,"date":"2015-08-04T10:13:39","date_gmt":"2015-08-04T08:13:39","guid":{"rendered":"https:\/\/sug.test\/?page_id=467"},"modified":"2024-08-19T11:21:44","modified_gmt":"2024-08-19T09:21:44","slug":"vertrieb","status":"publish","type":"page","link":"https:\/\/sugyp.com\/de\/vertrieb\/","title":{"rendered":"Vertrieb"},"content":{"rendered":"\n<h1>\n\t\tVertrieb\n\t<\/h1>\n\t<p>Wir bieten eine breite Palette an Produkten in den Bereichen Dekoration, Floristik, Sommerspielzeug und Halloween-Zubeh\u00f6r an.<\/p>\n<p>Gerne stehen wir Ihnen telefonisch von Montag bis Freitag, 8Uhr bis 12Uhr und 13Uhr bis 17Uhr, f\u00fcr Ausk\u00fcnfte zur Verf\u00fcgung.<\/p>\n\t\t\t<a href=\"https:\/\/sugyp.com\/de\/kontakt\/\" target=\"_self\" rel=\"noopener\">\n\t\t\t\t\t\t\tKontakt\n\t\t\t\t\t<\/a>\n\t<p>Dank unserer grossen Erfahrung und Kenntnisse unserer Produkte beraten wir Sie professionell bei der Zusammenstellung Ihrer Artikel. Wir erf\u00fcllen Ihre W\u00fcnsche schnell und flexibel.<\/p>\n<p>\u00a0<\/p>\n<p><em> Das Sugyp Team<br \/> <\/em><\/p>\n<h2>\n\t\tProdukte\n\t<\/h2>\n\t\t\t\t<img loading=\"lazy\" decoding=\"async\" src=\"https:\/\/sugyp.com\/wp-content\/uploads\/2024\/02\/jouets_ete.jpg\" alt=\"jouets_ete\" itemprop=\"image\" height=\"600\" width=\"600\" title=\"jouets_ete\" onerror=\"this.style.display='none'\"  \/>\n<h3>Sommerspielzeuge<\/h3><p>F\u00fcr die Sommerzeit haben wir eine breites Angebot an Spielzeugen wie Luftballons, Eimer, Schaufeln, Wasserpistolen, Ballons, Ringe etc.<\/p>\n\t\t\t\t<img loading=\"lazy\" decoding=\"async\" src=\"https:\/\/sugyp.com\/wp-content\/uploads\/2024\/02\/halloween.jpg\" alt=\"halloween\" itemprop=\"image\" height=\"600\" width=\"600\" title=\"halloween\" onerror=\"this.style.display='none'\"  \/>\n<h3>Halloween<\/h3><p>Verkleidungen, Schminken, Masken, H\u00fcte, Vampirz\u00e4hne, falsches Blut und andere\u00a0Halloween-Festartikel geh\u00f6ren bei Sugyp zum Angebot f\u00fcr ein gelungenes Fest !<\/p>\n\t\t\t\t<img loading=\"lazy\" decoding=\"async\" src=\"https:\/\/sugyp.com\/wp-content\/uploads\/2024\/02\/jouets_permanents.jpg\" alt=\"jouets_permanents\" itemprop=\"image\" height=\"600\" width=\"600\" title=\"jouets_permanents\" onerror=\"this.style.display='none'\"  \/>\n<h3>Spielzeuge<\/h3><p>Eine grosse Selektion an Spielzeugen wie Puppen, Autos, Motorr\u00e4der, Flugzeuge, Pl\u00fcschtiere, Bildungs- und Gesellschaftsspiele warten auf Sie.<\/p>\n\t\t\t\t<img loading=\"lazy\" decoding=\"async\" src=\"https:\/\/sugyp.com\/wp-content\/uploads\/2024\/02\/fleurs_artificelles.jpg\" alt=\"fleurs_artificelles\" itemprop=\"image\" height=\"600\" width=\"600\" title=\"fleurs_artificelles\" onerror=\"this.style.display='none'\"  \/>\n<h3>Kunstblumen<\/h3><p>Unsere Kollektion aus k\u00fcnstlichen Blumen, \u00c4sten und Pflanzen, unsere stabilisierten Rosen in unz\u00e4hligen, nat\u00fcrlichen Farben. Wie echt ! Naturgetreue Nachbildungen f\u00fcr Ihre Dekoration.<\/p>\n\t\t\t\t<img loading=\"lazy\" decoding=\"async\" src=\"https:\/\/sugyp.com\/wp-content\/uploads\/2024\/02\/accessoires_et_decoration.jpg\" alt=\"accessoires_et_de\u0301coration\" itemprop=\"image\" height=\"600\" width=\"600\" title=\"accessoires_et_de\u0301coration\" onerror=\"this.style.display='none'\"  \/>\n<h3>Innendekoration<\/h3><p>F\u00fcr ein gelungenes Geschenk oder das Ausschm\u00fccken Ihrer eigenen vier W\u00e4nde haben Sie eine grosse Selektion an Dekorationsartikeln bei uns.<\/p>\n\t\t\t\t<img loading=\"lazy\" decoding=\"async\" src=\"https:\/\/sugyp.com\/wp-content\/uploads\/2024\/02\/bougie_senteurs.jpg\" alt=\"bougie_senteurs\" itemprop=\"image\" height=\"600\" width=\"600\" title=\"bougie_senteurs\" onerror=\"this.style.display='none'\"  \/>\n<h3>Kerzen und D\u00fcfte<\/h3><p>F\u00fcr Ihr Wohlbefinden in Ihrem zuhause finden Sie bei uns wohlriechende D\u00fcfte, Kerzen, etc.<\/p>\n\n","protected":false},"excerpt":{"rendered":"<p>Vertrieb Wir bieten eine breite Palette an Produkten in den Bereichen Dekoration, Floristik, Sommerspielzeug und Halloween-Zubeh\u00f6r an. Gerne stehen wir Ihnen telefonisch von Montag bis Freitag, 8Uhr bis 12Uhr und 13Uhr bis 17Uhr, f\u00fcr Ausk\u00fcnfte zur Verf\u00fcgung. Kontakt Dank unserer grossen Erfahrung und Kenntnisse unserer Produkte beraten wir Sie professionell bei der Zusammenstellung Ihrer Artikel.&hellip;<\/p>\n","protected":false},"author":5,"featured_media":0,"parent":0,"menu_order":10,"comment_status":"closed","ping_status":"closed","template":"","meta":{"_acf_changed":false,"inline_featured_image":false,"footnotes":""},"acf":[],"_links":{"self":[{"href":"https:\/\/sugyp.com\/de\/wp-json\/wp\/v2\/pages\/467"}],"collection":[{"href":"https:\/\/sugyp.com\/de\/wp-json\/wp\/v2\/pages"}],"about":[{"href":"https:\/\/sugyp.com\/de\/wp-json\/wp\/v2\/types\/page"}],"author":[{"embeddable":true,"href":"https:\/\/sugyp.com\/de\/wp-json\/wp\/v2\/users\/5"}],"replies":[{"embeddable":true,"href":"https:\/\/sugyp.com\/de\/wp-json\/wp\/v2\/comments?post=467"}],"version-history":[{"count":36,"href":"https:\/\/sugyp.com\/de\/wp-json\/wp\/v2\/pages\/467\/revisions"}],"predecessor-version":[{"id":2986,"href":"https:\/\/sugyp.com\/de\/wp-json\/wp\/v2\/pages\/467\/revisions\/2986"}],"wp:attachment":[{"href":"https:\/\/sugyp.com\/de\/wp-json\/wp\/v2\/media?parent=467"}],"curies":[{"name":"wp","href":"https:\/\/api.w.org\/{rel}","templated":true}]}}