{"id":463,"date":"2015-08-04T09:52:32","date_gmt":"2015-08-04T07:52:32","guid":{"rendered":"https:\/\/sug.test\/?page_id=463"},"modified":"2025-10-23T14:44:03","modified_gmt":"2025-10-23T12:44:03","slug":"auszeichnungen","status":"publish","type":"page","link":"https:\/\/sugyp.com\/de\/feuerwerke\/auszeichnungen\/","title":{"rendered":"Auszeichnungen"},"content":{"rendered":"\n<h1>\n\t\tAuszeichnungen\n\t<\/h1>\n\t<p><a href=\"https:\/\/sugyp.com\/de\/feuerwerke\/\">\u2190 zur\u00fcck<\/a><\/p>\n\t<p>Wir lieben die Konfrontation mit den Weltbesten ! Diese internationalen Wettbewerbe erlauben uns, die Originalit\u00e4t unserer Kreationen zu vergleichen, unsere technischen Grenzen zu vergr\u00f6ssern und den Teamgeist zu st\u00e4rken ! Hier einige Auszeichnungen:<\/p>\n\t<hr \/>\n\t\t<br \/>\n<b>Warning<\/b>:  file_get_contents(): https:\/\/ wrapper is disabled in the server configuration by allow_url_fopen=0 in <b>\/home\/clients\/061d5366ced7c72cb565ec4648bd3fee\/web24\/wp-includes\/class-wp-image-editor-imagick.php<\/b> on line <b>156<\/b><br \/>\n<br \/>\n<b>Warning<\/b>:  file_get_contents(https:\/\/sugyp.com\/wp-content\/uploads\/2025\/10\/sugyp_canada_2025.jpg): Failed to open stream: no suitable wrapper could be found in <b>\/home\/clients\/061d5366ced7c72cb565ec4648bd3fee\/web24\/wp-includes\/class-wp-image-editor-imagick.php<\/b> on line <b>156<\/b><br \/>\n\t\t\t\t<img loading=\"lazy\" decoding=\"async\" src=\"https:\/\/sugyp.com\/wp-content\/uploads\/2025\/10\/sugyp_canada_2025.jpg\" alt=\"sugyp_canada_2025\" itemprop=\"image\" height=\"1500\" width=\"1500\" title=\"sugyp_canada_2025\" onerror=\"this.style.display='none'\"  \/>\n<h3>2. Preis<\/h3><p>2025<\/p>\n<p>L&#8217;International des Feux Loto-Qu\u00e9bec in Montr\u00e9al<\/p>\n<p>Kanada<\/p>\n\t\t<br \/>\n<b>Warning<\/b>:  file_get_contents(): https:\/\/ wrapper is disabled in the server configuration by allow_url_fopen=0 in <b>\/home\/clients\/061d5366ced7c72cb565ec4648bd3fee\/web24\/wp-includes\/class-wp-image-editor-imagick.php<\/b> on line <b>156<\/b><br \/>\n<br \/>\n<b>Warning<\/b>:  file_get_contents(https:\/\/sugyp.com\/wp-content\/uploads\/2023\/10\/Photo-vestale-dor-et-largent-1536&#215;1152.png): Failed to open stream: no suitable wrapper could be found in <b>\/home\/clients\/061d5366ced7c72cb565ec4648bd3fee\/web24\/wp-includes\/class-wp-image-editor-imagick.php<\/b> on line <b>156<\/b><br \/>\n\t\t\t\t<img loading=\"lazy\" decoding=\"async\" src=\"https:\/\/sugyp.com\/wp-content\/uploads\/2023\/10\/Photo-vestale-dor-et-largent-1536x1152.png\" alt=\"Photo vestale d&#039;or et l&#039;argent\" itemprop=\"image\" height=\"1152\" width=\"1536\" title=\"Photo vestale d&#039;or et l&#039;argent\" onerror=\"this.style.display='none'\"  \/>\n<h3>1. Preis<\/h3><p>2023<\/p>\n<p>2023 La vestale d&#8217;or &#8211; Finalsieger der Gewinner (2019 &#8211; 2022)<\/p>\n<p>2022 La vestale d&#8217;argent (1. Preis)<\/p>\n<p>Festival d&#8217;art pyrotechnique Cannes<\/p>\n<p>Frankreich<\/p>\n\t\t\t\t<img loading=\"lazy\" decoding=\"async\" src=\"https:\/\/sugyp.com\/wp-content\/uploads\/2022\/10\/1er-prix-Les-Masters-de-Feu-2022-Carre-scaled.jpg\" alt=\"1er prix Les Masters de Feu 2022 Carr\u00e9\" itemprop=\"image\" height=\"2560\" width=\"2560\" title=\"1er prix Les Masters de Feu 2022 Carr\u00e9\" onerror=\"this.style.display='none'\"  \/>\n<h3>1. Preis<\/h3><p>2022<\/p>\n<p>Les Master de Feu<\/p>\n<p>Concours international de Feu d&#8217;artifice, Compi\u00e8gne<\/p>\n<p>Frankreich<\/p>\n\t\t\t\t<img loading=\"lazy\" decoding=\"async\" src=\"https:\/\/sugyp.com\/wp-content\/uploads\/2015\/05\/photo-4_square-300x300.jpg\" alt=\"photo-4_square\" itemprop=\"image\" height=\"300\" width=\"300\" title=\"photo-4_square\" onerror=\"this.style.display='none'\"  \/>\n<h3>3. Preis<\/h3><p>2019<\/p>\n<p>1. Preis:\u00a0Sieger bei der vorgeschriebenen Gestaltung<\/p>\n<p>Feuerwerkswettbewerb in Hlu\u010d\u00edn<\/p>\n<p>Tschechien<\/p>\n\t\t\t\t<img loading=\"lazy\" decoding=\"async\" src=\"https:\/\/sugyp.com\/wp-content\/uploads\/2016\/10\/prix-Szczecin-pour-site-copie.jpg\" alt=\"prix-szczecin-pour-site-copie\" itemprop=\"image\" height=\"300\" width=\"300\" title=\"prix-szczecin-pour-site-copie\" onerror=\"this.style.display='none'\"  \/>\n<h3>1. Preis<\/h3><p>2017<\/p>\n<p>Finalsieger der letzten 4 Gewinner von 2013-2016<\/p>\n<p>Feuerwerkswettbewerb Pyromagic in Szczecin<\/p>\n<p>Polen<\/p>\n\t\t\t\t<img loading=\"lazy\" decoding=\"async\" src=\"https:\/\/sugyp.com\/wp-content\/uploads\/2016\/10\/prix-Szczecin-pour-site-copie.jpg\" alt=\"prix-szczecin-pour-site-copie\" itemprop=\"image\" height=\"300\" width=\"300\" title=\"prix-szczecin-pour-site-copie\" onerror=\"this.style.display='none'\"  \/>\n<h3>1. Preis<\/h3><p>2016<\/p>\n<p>Feuerwerkswettbewerb Pyromagic in Szczecin<\/p>\n<p>Polen<\/p>\n\t\t\t\t<img loading=\"lazy\" decoding=\"async\" src=\"https:\/\/sugyp.com\/wp-content\/uploads\/2021\/01\/Prix-Montreal-pour-site.jpg\" alt=\"Prix Montr\u00e9al pour site\" itemprop=\"image\" height=\"300\" width=\"300\" title=\"Prix Montr\u00e9al pour site\" onerror=\"this.style.display='none'\"  \/>\n<h3>3. Preis<\/h3><p>2016<\/p>\n<p>L&#8217;International des Feux Loto-Qu\u00e9bec in Montreal<\/p>\n<p>\u00a0Kanada<\/p>\n\t\t\t\t<img loading=\"lazy\" decoding=\"async\" src=\"https:\/\/sugyp.com\/wp-content\/uploads\/2015\/05\/feux-12.jpg\" alt=\"1. Platz Internationaler Feuerwerkswettbewerb 2014\" itemprop=\"image\" height=\"458\" width=\"458\" title=\"feux-12\" onerror=\"this.style.display='none'\"  \/>\n<h3>1. Preis<\/h3><p>2014<\/p>\n<p>Feuerwerkswettbewerb in Hannover<\/p>\n<p>Deutschland<\/p>\n\t\t\t\t<img loading=\"lazy\" decoding=\"async\" src=\"https:\/\/sugyp.com\/wp-content\/uploads\/2015\/05\/feux-13.jpg\" alt=\"1er Prix Festival International Ignis-Brunensis de Brno\" itemprop=\"image\" height=\"259\" width=\"259\" title=\"feux-13\" onerror=\"this.style.display='none'\"  \/>\n<h3>1. Preis<\/h3><p>2013<\/p>\n<p>Ignis-Brunensis, Internationales Feuerwerk-Festival in Br\u00fcnn\u00a0<\/p>\n<p>Tschechien<\/p>\n\t\t\t\t<img loading=\"lazy\" decoding=\"async\" src=\"https:\/\/sugyp.com\/wp-content\/uploads\/2015\/05\/feux-14.jpg\" alt=\"3\u00e8me Prix Festival International de Macao\" itemprop=\"image\" height=\"297\" width=\"297\" title=\"feux-14\" onerror=\"this.style.display='none'\"  \/>\n<h3>3. Preis<\/h3><p>2013<\/p>\n<p>Internationaler Feuerwerkwettbewerb Macau<\/p>\n<p>Volksrepublik China<\/p>\n\t\t\t\t<img loading=\"lazy\" decoding=\"async\" src=\"https:\/\/sugyp.com\/wp-content\/uploads\/2015\/05\/feux-15.jpg\" alt=\"2\u00e8me Prix Festival International de Saint-Br\u00e9vin\" itemprop=\"image\" height=\"281\" width=\"281\" title=\"feux-15\" onerror=\"this.style.display='none'\"  \/>\n<h3>2. Preis<\/h3><p>2010<\/p>\n<p>Internationaler Feuerwerkwettbewerb in Saint-Br\u00e9vin<\/p>\n<p>Frankreich<\/p>\n\t<hr \/>\n\n","protected":false},"excerpt":{"rendered":"<p>Auszeichnungen \u2190 zur\u00fcck Wir lieben die Konfrontation mit den Weltbesten ! Diese internationalen Wettbewerbe erlauben uns, die Originalit\u00e4t unserer Kreationen zu vergleichen, unsere technischen Grenzen zu vergr\u00f6ssern und den Teamgeist zu st\u00e4rken ! Hier einige Auszeichnungen: Warning: file_get_contents(): https:\/\/ wrapper is disabled in the server configuration by allow_url_fopen=0 in \/home\/clients\/061d5366ced7c72cb565ec4648bd3fee\/web24\/wp-includes\/class-wp-image-editor-imagick.php on line 156 Warning: file_get_contents(https:\/\/sugyp.com\/wp-content\/uploads\/2025\/10\/sugyp_canada_2025.jpg):&hellip;<\/p>\n","protected":false},"author":5,"featured_media":0,"parent":405,"menu_order":7,"comment_status":"closed","ping_status":"closed","template":"","meta":{"_acf_changed":false,"inline_featured_image":false,"footnotes":""},"acf":[],"_links":{"self":[{"href":"https:\/\/sugyp.com\/de\/wp-json\/wp\/v2\/pages\/463"}],"collection":[{"href":"https:\/\/sugyp.com\/de\/wp-json\/wp\/v2\/pages"}],"about":[{"href":"https:\/\/sugyp.com\/de\/wp-json\/wp\/v2\/types\/page"}],"author":[{"embeddable":true,"href":"https:\/\/sugyp.com\/de\/wp-json\/wp\/v2\/users\/5"}],"replies":[{"embeddable":true,"href":"https:\/\/sugyp.com\/de\/wp-json\/wp\/v2\/comments?post=463"}],"version-history":[{"count":35,"href":"https:\/\/sugyp.com\/de\/wp-json\/wp\/v2\/pages\/463\/revisions"}],"predecessor-version":[{"id":3229,"href":"https:\/\/sugyp.com\/de\/wp-json\/wp\/v2\/pages\/463\/revisions\/3229"}],"up":[{"embeddable":true,"href":"https:\/\/sugyp.com\/de\/wp-json\/wp\/v2\/pages\/405"}],"wp:attachment":[{"href":"https:\/\/sugyp.com\/de\/wp-json\/wp\/v2\/media?parent=463"}],"curies":[{"name":"wp","href":"https:\/\/api.w.org\/{rel}","templated":true}]}}