{"id":458,"date":"2015-08-04T09:48:47","date_gmt":"2015-08-04T07:48:47","guid":{"rendered":"https:\/\/sug.test\/?page_id=458"},"modified":"2024-08-22T14:55:16","modified_gmt":"2024-08-22T12:55:16","slug":"referenzen","status":"publish","type":"page","link":"https:\/\/sugyp.com\/de\/feuerwerke\/referenzen\/","title":{"rendered":"Referenzen"},"content":{"rendered":"\n<h1>\n\t\tReferenzen\n\t<\/h1>\n\t<p><a href=\"https:\/\/sugyp.com\/de\/feuerwerke\/\">\u2190 zur\u00fcck<\/a><\/p>\n\t<p>Wir realisieren \u00fcber 450 Feuerwerke pro Jahr f\u00fcr eine Hochzeit, ein Jubil\u00e4um, ein Geburtstagsfest, eine Firmenfeier oder eine \u00f6ffentliche Veranstaltung mit nationaler oder internationaler Bedeutung. Hier einige Referenzen:<\/p>\n<h2>\n\t\tSchweizer Nationalfeiertag\n\t<\/h2>\n\t\t\t\t<a href=\"https:\/\/sugyp.com\/wp-content\/uploads\/2022\/09\/IMG_3040-scaled.jpg\" target=\"_self\" itemprop=\"url\" rel=\"noopener\">\n\t\t\t\t<img loading=\"lazy\" decoding=\"async\" src=\"https:\/\/sugyp.com\/wp-content\/uploads\/2022\/09\/IMG_3040-1536x864.jpg\" alt=\"IMG_3040\" itemprop=\"image\" height=\"864\" width=\"1536\" title=\"IMG_3040\" onerror=\"this.style.display='none'\"  \/>\n\t\t\t\t<\/a>\n\t<ul>\n<li>Bellevue<\/li>\n<li>Brienz<\/li>\n<li>Estavayer-le-Lac<\/li>\n<li>Grindelwald<\/li>\n<li>Interlaken<\/li>\n<li>La Chaux-de-Fonds<\/li>\n<li>Lausanne<\/li>\n<li>Le Bouveret<\/li>\n<li>Montreux<\/li>\n<li>Neuch\u00e2tel<\/li>\n<li>Oberhofen-Hilterfingen<\/li>\n<li>Oberried<\/li>\n<li>Solothurn<\/li>\n<li>Th\u00f4nex<\/li>\n<li>Versoix<\/li>\n<li>Yverdon<\/li>\n<li>Zermatt<\/li>\n<li>usw.<\/li>\n<\/ul>\n\t<hr \/>\n<h2>\n\t\tGrossveranstaltung\n\t<\/h2>\n\t\t\t\t<a href=\"https:\/\/sugyp.com\/wp-content\/uploads\/2018\/03\/grand-event2.jpg\" target=\"_self\" itemprop=\"url\" rel=\"noopener\">\n\t\t\t\t<img loading=\"lazy\" decoding=\"async\" src=\"https:\/\/sugyp.com\/wp-content\/uploads\/2018\/03\/grand-event2.jpg\" alt=\"grand event2\" itemprop=\"image\" height=\"570\" width=\"570\" title=\"grand event2\" onerror=\"this.style.display='none'\"  \/>\n\t\t\t\t<\/a>\n\t<ul>\n<li>Bicentenaire Neuch\u00e2tel 2014<\/li>\n<li>F\u00eate des Lumi\u00e8res, Lyon (F) 2013<\/li>\n<li>F\u00eates de Gen\u00e8ve 2009, 2010, 2012, 2014, 2018, 2019<\/li>\n<li>Winzerfest, Neuenburg 2009-2019, 2022, 2023<\/li>\n<li>F\u00eate des Vignerons, Vevey 2019<\/li>\n<\/ul>\n\t<hr \/>\n<h2>\n\t\tEvents\n\t<\/h2>\n\t\t\t\t<a href=\"https:\/\/sugyp.com\/wp-content\/uploads\/2017\/09\/evenementiel-2017l.jpg\" target=\"_self\" itemprop=\"url\" rel=\"noopener\">\n\t\t\t\t<img loading=\"lazy\" decoding=\"async\" src=\"https:\/\/sugyp.com\/wp-content\/uploads\/2017\/09\/evenementiel-2017l.jpg\" alt=\"evenementiel 2017l\" itemprop=\"image\" height=\"4206\" width=\"4206\" title=\"evenementiel 2017l\" onerror=\"this.style.display='none'\"  \/>\n\t\t\t\t<\/a>\n\t<ul>\n<li>Cirque du Soleil Courchevel (FR) 2010<\/li>\n<li>Transat Jacques-Vabre Le Havre (FR) 2007, 2009<\/li>\n<li>America&#8217;s Cup Allinghi Gen\u00e8ve 2007<\/li>\n<li>Loterie Romande, Audemars Piguet, Gucci, Tag Heuer, Jaquet Droz, MontBlanc<\/li>\n<li>usw.<\/li>\n<\/ul>\n\t<hr \/>\n<h2>\n\t\tInternationale Wettbewerbe\n\t<\/h2>\n\t\t\t\t<a href=\"https:\/\/sugyp.com\/wp-content\/uploads\/2015\/05\/Concours-international.jpg\" target=\"_self\" itemprop=\"url\" rel=\"noopener\">\n\t\t\t\t<img loading=\"lazy\" decoding=\"async\" src=\"https:\/\/sugyp.com\/wp-content\/uploads\/2015\/05\/Concours-international.jpg\" alt=\"Concours international\" itemprop=\"image\" height=\"2048\" width=\"2048\" title=\"Concours international\" onerror=\"this.style.display='none'\"  \/>\n\t\t\t\t<\/a>\n\t<ul>\n<li>Cannes (FR) 2022 &amp; 2023<\/li>\n<li>Compi\u00e8gne (FR) 2022<\/li>\n<li>Hlucin (CZ) 2019<\/li>\n<li>Manila (PH) 2018<\/li>\n<li>Sczczecin (PL) 2017<\/li>\n<li>Br\u00fcnn (CZ) 2017<\/li>\n<li>Macau (MO) 2016<\/li>\n<li>Sczczecin (PL) 2016<\/li>\n<li>Montreal (CA) 2016<\/li>\n<li>Knokke-Heist (BE) 2015<\/li>\n<li>Monaco (MC) 2015<\/li>\n<li>Hannover (DE) 2014<\/li>\n<li>Ottawa (CA) 2014<\/li>\n<li>Macau (MO) 2013<\/li>\n<li>Br\u00fcnn (CZ) 2013<\/li>\n<li>Montr\u00e9al (CA) 2012<\/li>\n<li>Saint-Br\u00e9vin (FR) 2010<\/li>\n<\/ul>\n\n","protected":false},"excerpt":{"rendered":"<p>Referenzen \u2190 zur\u00fcck Wir realisieren \u00fcber 450 Feuerwerke pro Jahr f\u00fcr eine Hochzeit, ein Jubil\u00e4um, ein Geburtstagsfest, eine Firmenfeier oder eine \u00f6ffentliche Veranstaltung mit nationaler oder internationaler Bedeutung. Hier einige Referenzen: Schweizer Nationalfeiertag Bellevue Brienz Estavayer-le-Lac Grindelwald Interlaken La Chaux-de-Fonds Lausanne Le Bouveret Montreux Neuch\u00e2tel Oberhofen-Hilterfingen Oberried Solothurn Th\u00f4nex Versoix Yverdon Zermatt usw. Grossveranstaltung Bicentenaire&hellip;<\/p>\n","protected":false},"author":5,"featured_media":0,"parent":405,"menu_order":6,"comment_status":"closed","ping_status":"closed","template":"","meta":{"_acf_changed":false,"inline_featured_image":false,"footnotes":""},"acf":[],"_links":{"self":[{"href":"https:\/\/sugyp.com\/de\/wp-json\/wp\/v2\/pages\/458"}],"collection":[{"href":"https:\/\/sugyp.com\/de\/wp-json\/wp\/v2\/pages"}],"about":[{"href":"https:\/\/sugyp.com\/de\/wp-json\/wp\/v2\/types\/page"}],"author":[{"embeddable":true,"href":"https:\/\/sugyp.com\/de\/wp-json\/wp\/v2\/users\/5"}],"replies":[{"embeddable":true,"href":"https:\/\/sugyp.com\/de\/wp-json\/wp\/v2\/comments?post=458"}],"version-history":[{"count":30,"href":"https:\/\/sugyp.com\/de\/wp-json\/wp\/v2\/pages\/458\/revisions"}],"predecessor-version":[{"id":2994,"href":"https:\/\/sugyp.com\/de\/wp-json\/wp\/v2\/pages\/458\/revisions\/2994"}],"up":[{"embeddable":true,"href":"https:\/\/sugyp.com\/de\/wp-json\/wp\/v2\/pages\/405"}],"wp:attachment":[{"href":"https:\/\/sugyp.com\/de\/wp-json\/wp\/v2\/media?parent=458"}],"curies":[{"name":"wp","href":"https:\/\/api.w.org\/{rel}","templated":true}]}}