{"id":428,"date":"2015-08-03T16:10:08","date_gmt":"2015-08-03T14:10:08","guid":{"rendered":"https:\/\/sug.test\/?page_id=428"},"modified":"2024-02-29T09:20:34","modified_gmt":"2024-02-29T08:20:34","slug":"wie-wahlt-man-sein-feuerwerk-aus","status":"publish","type":"page","link":"https:\/\/sugyp.com\/de\/feuerwerke\/wie-wahlt-man-sein-feuerwerk-aus\/","title":{"rendered":"Wie w\u00e4hlt man sein Feuerwerk aus"},"content":{"rendered":"\n<h1>\n\t\tWie w\u00e4hle ich das richtige Feuerwerk aus ?\n\t<\/h1>\n\t<p><a href=\"https:\/\/sugyp.com\/de\/feuerwerke\/\">\u2190 zur\u00fcck<\/a><\/p>\n\t<p>Sei es f\u00fcr den 31. Juli, den 1. August, den 31. Dezember oder jeder anderen Gelegenheit, wir bieten Ihnen ein Feuerwerk-Spektakel in jeder Gr\u00f6sse und Budget an.<\/p>\n<h3>\n\t\tFeuerwerke der Kategorie F3\n\t<\/h3>\n\t<p>Gebrauchsfertige Feuerwerke, bestehend aus Batterien, Kerzen, Raketen und Vulkane. Feuerwerke der Kategorien F2 bis F3 ( Verkauf f\u00fcr das breite Publikum). Umsetzung des Feuerwerks durch den K\u00e4ufer. Dauer: 4 bis 10 Minuten. Minimaler Sicherheitsabstand: 50m. Kein Erwerbsschein oder Feuerwerkerausweis n\u00f6tig. Abbrennen durch Kunde.<\/p>\n<dl>\n<dt>Preisklasse am 31.07., 01.08., 31.12. :<\/dt>\n<dd>490.- bis 2&#8217;500.-<\/dd>\n<dt>Preisklasse in anderen Perioden :<\/dt>\n<dd>150.- bis 2&#8217;500.-<\/dd>\n<\/dl>\n<h3>\n\t\tFWA Feuerwerke\n\t<\/h3>\n\t<p>Gebrauchsfertige Feuerwerke aus Batterien und Kerzen, maximale Kaliber 75mm und maximales Gewicht von aktivem Material (NEM) bis 50kg. Dauer 6 bis 22 Minuten. Sicherheitsabstand: 50m bis 75m. Erwerbsschein oder FWA Feuerwerkerausweis n\u00f6tig. Abbrennen durch Kunde.<\/p>\n<dl>\n<dt>Preisklasse am 31.07., 01.08., 31.12. :<\/dt>\n<dd>500.- bis 6&#8217;500.-<\/dd>\n<dt>Preisklasse in anderen Perioden :<\/dt>\n<dd>200.- bis 6&#8217;500.-<\/dd>\n<\/dl>\n<h3>\n\t\tFWB Feuerwerke                                                                                                                                                                          \n\t<\/h3>\n\t<p>Feuerwerke der Kategorie F4 bestehend aus Batterien, r\u00f6mischen Kerzen und Bomben ohne Gewichts- und Kaliberlimite. Erwerbsschein oder FWB Feuerwerkerausweis n\u00f6tig. Abbrennen durch Kunde.<\/p>\n<dl>\n<dt>Preisklasse jederzeit :<\/dt>\n<dd>ab 1&#8217;000.-<\/dd>\n<\/dl>\n<h3>\n\t\tFeuerwerk im Auftrag\n\t<\/h3>\n\t<p>Feuerwerke bestehend aus Batterien, Kerzen und Bomben. Feuerwerk\u00a0im Auftrag (Organisation und Abbrennen durch Sugyp).<\/p>\n<dl>\n<dt>Preisklasse am 31.07., 01.08., 31.12. :<\/dt>\n<dd>ab 7&#8217;000.-<\/dd>\n<dt>Preisklasse in anderen Perioden :<\/dt>\n<dd>FWA Feuerwerk ab 2&#8217;000.- \/ FWB Feuerwerk ab 5&#8217;000.-<\/dd>\n<\/dl>\n<h3>\n\t\tPyromelodisches Feuerwerk im Auftrag\n\t<\/h3>\n\t<p>Feuerwerke bestehend aus Batterien, Kerzen, Barokelementen und Bomben. Perfekt mit Musik synchronisertes Feuerwerk. Notwendige Soundanlage ist durch den K\u00e4ufer zu organisieren. Feuerwerk\u00a0im Auftrag (Organisation und Abbrennen\u00a0durch Sugyp).<\/p>\n<dl>\n<dt>Preisklasse am 31.07., 01.08., 31.12. :<\/dt>\n<dd>ab 15&#8217;000.-<\/dd>\n<dt>Preisklasse in anderen Perioden :<\/dt>\n<dd>ab 8&#8217;000.-<\/dd>\n<\/dl>\n<h3>\n\t\tErstellen musikalischer Grossfeuerwerke mit allen notwendigen Vorkehrungen\n\t<\/h3>\n\t<p>Zusammengesetzt aus: Kompaktbatterien (T\u00f6pfe), r\u00f6mische Kerzen, barocken Elementen und Bomben. Zusammenstellen der passenden Musik zum jeweiligen Anlass. Feuerwerk wird perfekt mit der dazugeh\u00f6renden Musik synchronisiert abgebrannt. Geeignete Soundanlage bereitgestellt durch den Kunden. Das Feuerwerk wird durch Sugyp SA mit der Soundanlage implementiert.<\/p>\n<dl>\n<dt>Preisklasse am 31.07., 01.08., 31.12. :<\/dt>\n<dd>ab 30&#8217;000.-<\/dd>\n<dt>Preisklasse in anderen Perioden :<\/dt>\n<dd>ab 15&#8217;000.-<\/dd>\n<\/dl>\n\t<p>Alle Preise in CHF, zollfrei, ohne 8,1% MwSt.<\/p>\n\n","protected":false},"excerpt":{"rendered":"<p>Wie w\u00e4hle ich das richtige Feuerwerk aus ? \u2190 zur\u00fcck Sei es f\u00fcr den 31. Juli, den 1. August, den 31. Dezember oder jeder anderen Gelegenheit, wir bieten Ihnen ein Feuerwerk-Spektakel in jeder Gr\u00f6sse und Budget an. Feuerwerke der Kategorie F3 Gebrauchsfertige Feuerwerke, bestehend aus Batterien, Kerzen, Raketen und Vulkane. Feuerwerke der Kategorien F2 bis&hellip;<\/p>\n","protected":false},"author":5,"featured_media":0,"parent":405,"menu_order":2,"comment_status":"closed","ping_status":"closed","template":"","meta":{"_acf_changed":false,"inline_featured_image":false,"footnotes":""},"acf":[],"_links":{"self":[{"href":"https:\/\/sugyp.com\/de\/wp-json\/wp\/v2\/pages\/428"}],"collection":[{"href":"https:\/\/sugyp.com\/de\/wp-json\/wp\/v2\/pages"}],"about":[{"href":"https:\/\/sugyp.com\/de\/wp-json\/wp\/v2\/types\/page"}],"author":[{"embeddable":true,"href":"https:\/\/sugyp.com\/de\/wp-json\/wp\/v2\/users\/5"}],"replies":[{"embeddable":true,"href":"https:\/\/sugyp.com\/de\/wp-json\/wp\/v2\/comments?post=428"}],"version-history":[{"count":15,"href":"https:\/\/sugyp.com\/de\/wp-json\/wp\/v2\/pages\/428\/revisions"}],"predecessor-version":[{"id":2857,"href":"https:\/\/sugyp.com\/de\/wp-json\/wp\/v2\/pages\/428\/revisions\/2857"}],"up":[{"embeddable":true,"href":"https:\/\/sugyp.com\/de\/wp-json\/wp\/v2\/pages\/405"}],"wp:attachment":[{"href":"https:\/\/sugyp.com\/de\/wp-json\/wp\/v2\/media?parent=428"}],"curies":[{"name":"wp","href":"https:\/\/api.w.org\/{rel}","templated":true}]}}