{"id":424,"date":"2015-08-03T16:07:25","date_gmt":"2015-08-03T14:07:25","guid":{"rendered":"https:\/\/sug.test\/?page_id=424"},"modified":"2024-02-28T11:58:15","modified_gmt":"2024-02-28T10:58:15","slug":"innenfeuerwerke-und-spezielle-effekte","status":"publish","type":"page","link":"https:\/\/sugyp.com\/de\/feuerwerke\/innenfeuerwerke-und-spezielle-effekte\/","title":{"rendered":"Innenfeuerwerke und Spezielle Effekte"},"content":{"rendered":"\n<h1>\n\t\tInnenfeuerwerke\n\t<\/h1>\n\t<p><a href=\"https:\/\/sugyp.com\/de\/feuerwerke\/\">\u2190 zur\u00fcck<\/a><\/p>\n\t<p>Sugyp verwirklicht auch ihre Innenauff\u00fchrungen und ihre B\u00fchneneffekte<\/p>\n\tUnsere Profi-Feuerwerker, Inhaber des BF Ausweises, werden spezielle Effekte zu ihrer Veranstaltung anpassen k\u00f6nnen.<br \/>\nDieser Ausweis betrifft die pyrotechnischen Ger\u00e4te der Klassen T1 und T2. In dieser Kategorie befinden sich Innen- und B\u00fchneneffekte.<br \/>\nMit B\u00fchneneffekten, sowie speziellen Effekten (Flammenwerfer, Feuerseil, usw.) kann man eine Konferenz animieren, einen Anlass, ein Konzert oder ein Theaterabend verzaubern.\n<p>Z\u00f6gern Sie nicht und nehmen Sie mit uns Kontakt auf ! Unsere Spezialisten werden Sie informieren und beraten !<\/p>\n\t\t\t<a href=\"https:\/\/sugyp.com\/de\/kontakt\/\" target=\"_self\" rel=\"noopener\">\n\t\t\t\t\t\t\tKontakt\n\t\t\t\t\t<\/a>\n\n","protected":false},"excerpt":{"rendered":"<p>Innenfeuerwerke \u2190 zur\u00fcck Sugyp verwirklicht auch ihre Innenauff\u00fchrungen und ihre B\u00fchneneffekte Unsere Profi-Feuerwerker, Inhaber des BF Ausweises, werden spezielle Effekte zu ihrer Veranstaltung anpassen k\u00f6nnen. Dieser Ausweis betrifft die pyrotechnischen Ger\u00e4te der Klassen T1 und T2. In dieser Kategorie befinden sich Innen- und B\u00fchneneffekte. Mit B\u00fchneneffekten, sowie speziellen Effekten (Flammenwerfer, Feuerseil, usw.) kann man eine&hellip;<\/p>\n","protected":false},"author":5,"featured_media":0,"parent":405,"menu_order":0,"comment_status":"closed","ping_status":"closed","template":"","meta":{"_acf_changed":false,"inline_featured_image":false,"footnotes":""},"acf":[],"_links":{"self":[{"href":"https:\/\/sugyp.com\/de\/wp-json\/wp\/v2\/pages\/424"}],"collection":[{"href":"https:\/\/sugyp.com\/de\/wp-json\/wp\/v2\/pages"}],"about":[{"href":"https:\/\/sugyp.com\/de\/wp-json\/wp\/v2\/types\/page"}],"author":[{"embeddable":true,"href":"https:\/\/sugyp.com\/de\/wp-json\/wp\/v2\/users\/5"}],"replies":[{"embeddable":true,"href":"https:\/\/sugyp.com\/de\/wp-json\/wp\/v2\/comments?post=424"}],"version-history":[{"count":6,"href":"https:\/\/sugyp.com\/de\/wp-json\/wp\/v2\/pages\/424\/revisions"}],"predecessor-version":[{"id":2818,"href":"https:\/\/sugyp.com\/de\/wp-json\/wp\/v2\/pages\/424\/revisions\/2818"}],"up":[{"embeddable":true,"href":"https:\/\/sugyp.com\/de\/wp-json\/wp\/v2\/pages\/405"}],"wp:attachment":[{"href":"https:\/\/sugyp.com\/de\/wp-json\/wp\/v2\/media?parent=424"}],"curies":[{"name":"wp","href":"https:\/\/api.w.org\/{rel}","templated":true}]}}