{"id":405,"date":"2015-08-03T15:10:40","date_gmt":"2015-08-03T13:10:40","guid":{"rendered":"https:\/\/sug.test\/?page_id=405"},"modified":"2026-03-30T15:51:46","modified_gmt":"2026-03-30T13:51:46","slug":"feuerwerke","status":"publish","type":"page","link":"https:\/\/sugyp.com\/de\/feuerwerke\/","title":{"rendered":"Feuerwerke"},"content":{"rendered":"\n<h1>\n\t\tFeuerwerke\n\t<\/h1>\n\t<p>Wir realisieren \u00fcber 450 Feuerwerke pro Jahr, davon mehr als 250 am 1. August, dem Schweizer Nationalfeiertag. Wir organisieren Feuerwerke und grosse Pyrospektakel nach Ihren W\u00fcnschen in der ganzen Schweiz und im Ausland, -sei&#8217;s f\u00fcr eine Hochzeit, ein Jubil\u00e4um, ein Geburtstagsfest, eine Firmenfeier oder ein \u00f6ffentliches Fest.<\/p>\n\t\t\t<a href=\"\/de\/kontakt\/\" target=\"_self\" rel=\"noopener\">\n\t\t\t\t\t\t\tKontakt\n\t\t\t\t\t<\/a>\n\t<p>Innovation, Qualit\u00e4t und Sicherheit &#8211; so lauten unsere Schl\u00fcsselbegriffe. Gerne stehen wir Ihnen mit dieser feinen Mischung von Kompetenzen bei der Organisation Ihres Feuerwerkes zur Verf\u00fcgung.<\/p>\n<p><em>Ihr Sugyp-Team\u00a0<\/em><\/p>\n\t<h2>Aktuelles<\/h2>\n<p>NEWS rund um unsere Feuerwerke.<\/p>\n<h2>\n\t\tProdukte\n\t<\/h2>\n\t\t\t\t<a href=\"https:\/\/sugyp.com\/de\/feuerwerke\/feux-public\/\" target=\"_self\" itemprop=\"url\" rel=\"noopener\">\n\t\t\t\t<img loading=\"lazy\" decoding=\"async\" src=\"https:\/\/sugyp.com\/wp-content\/uploads\/2018\/03\/public-1024x1024.jpg\" alt=\"public\" itemprop=\"image\" height=\"1024\" width=\"1024\" title=\"public\" onerror=\"this.style.display='none'\"  \/>\n\t\t\t\t<\/a>\n<h3><a href=\"https:\/\/sugyp.com\/de\/feuerwerke\/feux-public\/\" target=\"_self\" rel=\"noopener\">Feuerwerke f\u00fcr Alle<\/a><\/h3><p>Sugyp verf\u00fcgt \u00fcber eine grosse Auswahl an Feuerwerkartikel f\u00fcr Alle. Diese pyrotechnischen Produkte der Kategorie F1 &#8211; F3 k\u00f6nnen im Freien mit einem definiertem, minimalen Sicherheitsabstand benutzt werden.<\/p>\n<p>Sie finden Raketen, Batterien, Vulkane, bengalische Z\u00fcndh\u00f6lzer und viele andere pyrotechnische Kleinartikel.<\/p>\n<p><strong>Kein Direktverkauf ! <\/strong><\/p>\n\t\t\t<a href=\"https:\/\/sugyp.com\/de\/feuerwerke\/feux-public\/\" target=\"_self\" rel=\"noopener\">\n\t\t\t\t\t\t\tMehr Infos\n\t\t\t\t\t<\/a>\n\t\t\t\t<img loading=\"lazy\" decoding=\"async\" src=\"https:\/\/sugyp.com\/wp-content\/uploads\/2018\/03\/catalogue-1024x1024.jpg\" alt=\"catalogue\" itemprop=\"image\" height=\"1024\" width=\"1024\" title=\"catalogue\" onerror=\"this.style.display='none'\"  \/>\n<h3>Feuerwerkkatalog<\/h3><p>Unser <strong>aktueller Katalog <\/strong>mit F3, FWA und FWB Feuerwerken steht Ihnen bei der Auswahl f\u00fcr ein Event oder Ihre 1. August Feier zur Verf\u00fcgung.<\/p>\n<p>Unser Team ber\u00e4t Sie bei der Auswahl oder individuellen Kreation Ihres Feuerwerkes und unterst\u00fctzt Sie damit Ihr Anlass zu einem unvergesslichen Erlebnis wird.<\/p>\n\t\t\t\t<img loading=\"lazy\" decoding=\"async\" src=\"https:\/\/sugyp.com\/wp-content\/uploads\/2015\/05\/feux-03-F_-Rommerskirchen-1024x1024.jpg\" alt=\"Feux Pyrom\u00e9lodiques Sugyp\" itemprop=\"image\" height=\"1024\" width=\"1024\" title=\"Feux Pyrom\u00e9lodiques (photo F. Rommerskirchen)\" onerror=\"this.style.display='none'\"  \/>\n<h3>Pyromelodische Feuerwerke<\/h3><p>Dank unser Erfahrung bei der Organisation von spektakul\u00e4ren, pyromelodischen Feuerwerken haben wir uns einen hervorragenden Namen geschaffen.<\/p>\n<p>Mit Ihrem Budget und W\u00fcnschen konzipieren\u00a0wir ein phantastisches, perfekt mit Musik synchronisiertes,\u00a0pyromelodisches Feuerwerk.<\/p>\n\t<hr \/>\n\t\t\t\t<a href=\"https:\/\/sugyp.com\/de\/feuerwerke\/innenfeuerwerke-und-spezielle-effekte\/\" target=\"_self\" itemprop=\"url\" rel=\"noopener\">\n\t\t\t\t<img loading=\"lazy\" decoding=\"async\" src=\"https:\/\/sugyp.com\/wp-content\/uploads\/2018\/03\/ARTIFICE-DINTERIEUR.jpg\" alt=\"ARTIFICE D&#039;INTERIEUR\" itemprop=\"image\" height=\"1024\" width=\"1024\" title=\"ARTIFICE D&#039;INTERIEUR\" onerror=\"this.style.display='none'\"  \/>\n\t\t\t\t<\/a>\n<h3><a href=\"https:\/\/sugyp.com\/de\/feuerwerke\/innenfeuerwerke-und-spezielle-effekte\/\" target=\"_self\" rel=\"noopener\">Innenfeuerwerke<\/a><\/h3><p>Sugyp verwirklicht auch ihre Innenauff\u00fchrungen und ihre B\u00fchneneffekte.<\/p>\n\t\t\t<a href=\"https:\/\/sugyp.com\/de\/feuerwerke\/innenfeuerwerke-und-spezielle-effekte\/\" target=\"_self\" rel=\"noopener\">\n\t\t\t\t\t\t\tMehr Infos\n\t\t\t\t\t<\/a>\n\t\t\t\t<a href=\"https:\/\/sugyp.com\/de\/feuerwerke\/multimedia-shows\/\" target=\"_self\" itemprop=\"url\" rel=\"noopener\">\n\t\t\t\t<img loading=\"lazy\" decoding=\"async\" src=\"https:\/\/sugyp.com\/wp-content\/uploads\/2015\/05\/multimedia.jpg\" alt=\"multimedia\" itemprop=\"image\" height=\"1024\" width=\"1024\" title=\"multimedia\" onerror=\"this.style.display='none'\"  \/>\n\t\t\t\t<\/a>\n<h3><a href=\"https:\/\/sugyp.com\/de\/feuerwerke\/multimedia-shows\/\" target=\"_self\" rel=\"noopener\">Multimedia-Shows<\/a><\/h3><p>Seit einigen Jahren bieten wir Shows mit diesen neuen Technologien an: Projektionen von Bildern, Lasern, Wasserfont\u00e4nen, Beleuchtung und Drohnen.<\/p>\n\t\t\t<a href=\"https:\/\/sugyp.com\/de\/feuerwerke\/multimedia-shows\/\" target=\"_self\" rel=\"noopener\">\n\t\t\t\t\t\t\tMehr Infos\n\t\t\t\t\t<\/a>\n\t\t\t\t<a href=\"https:\/\/sugyp.com\/de\/feuerwerke\/flammen-spektakel\/\" target=\"_self\" itemprop=\"url\" rel=\"noopener\">\n\t\t\t\t<img loading=\"lazy\" decoding=\"async\" src=\"https:\/\/sugyp.com\/wp-content\/uploads\/2015\/05\/flammes.jpg\" alt=\"flammes\" itemprop=\"image\" height=\"1022\" width=\"1024\" title=\"flammes\" onerror=\"this.style.display='none'\"  \/>\n\t\t\t\t<\/a>\n<h3><a href=\"https:\/\/sugyp.com\/de\/feuerwerke\/flammen-spektakel\/\" target=\"_self\" rel=\"noopener\">Flammenspektakel<\/a><\/h3><p>Unsere Flammenwerfer erlauben uns Innenfeuerwerke, wie auch Feuerwerke im Freien zu realisieren um Ihre Zuschauer zu \u00fcberraschen!<\/p>\n\t\t\t<a href=\"https:\/\/sugyp.com\/de\/feuerwerke\/flammen-spektakel\/\" target=\"_self\" rel=\"noopener\">\n\t\t\t\t\t\t\tMehr Infos\n\t\t\t\t\t<\/a>\n\t\t<h3>Unser Katalog 2026 &#8211; 2027<\/h3>\n\t\t<p>Hier finden Sie unseren Katalog mit unseren Feuerwerken, Produkten und Dienstleistungen. Gerne stehen wir Ihnen bei Fragen zur Verf\u00fcgung.<\/p>\n<p><!-- small><a href=\"https:\/\/sugyp.com\/AGB-de-11.01.2019.pdf\">Unsere Allgemeinen Gesch\u00e4ftsbedingungen \u2192<\/a><\/p>\n\t\t\t<a href=\"https:\/\/sugyp.com\/wp-content\/uploads\/2026\/03\/Catalogue-DE-2026-2027-internet.pdf\" target=\"_blank\" rel=\"noopener\">\n\t\t\t\t\t\t\tDownload\n\t\t\t\t\t<\/a>\n<h2>\n\t\tInformationen\n\t<\/h2>\n\t\t\t\t<a href=\"\/de\/feuerwerke\/wie-wahlt-man-sein-feuerwerk-aus\/\" target=\"_self\" itemprop=\"url\" rel=\"noopener\">\n\t\t\t\t<img loading=\"lazy\" decoding=\"async\" src=\"https:\/\/sugyp.com\/wp-content\/uploads\/2018\/03\/coment-choisir.jpg\" alt=\"coment choisir\" itemprop=\"image\" height=\"1024\" width=\"1024\" title=\"coment choisir\" onerror=\"this.style.display='none'\"  \/>\n\t\t\t\t<\/a>\n<h3><a href=\"\/de\/feuerwerke\/wie-wahlt-man-sein-feuerwerk-aus\/\" target=\"_self\" rel=\"noopener\">Die richtige Auswahl<\/a><\/h3><p>Sei es f\u00fcr die 1. August-Feierlichkeiten, Sylvester oder bei anderer Gelegenheit, wir bieten Ihnen Feuerwerk-Spektakel in jeder Gr\u00f6sse und jedes Budget an.<\/p>\n\t\t\t<a href=\"\/de\/feuerwerke\/wie-wahlt-man-sein-feuerwerk-aus\/\" target=\"_self\" rel=\"noopener\">\n\t\t\t\t\t\t\tMehr Infos\n\t\t\t\t\t<\/a>\n\t\t\t\t<a href=\"\/de\/feuerwerke\/gesetzgebung\/\" target=\"_self\" itemprop=\"url\" rel=\"noopener\">\n\t\t\t\t<img loading=\"lazy\" decoding=\"async\" src=\"https:\/\/sugyp.com\/wp-content\/uploads\/2015\/05\/feux-05-1024x1024.jpg\" alt=\"L\u00e9gislation\" itemprop=\"image\" height=\"1024\" width=\"1024\" title=\"feux-05\" onerror=\"this.style.display='none'\"  \/>\n\t\t\t\t<\/a>\n<h3><a href=\"\/de\/feuerwerke\/gesetzgebung\/\" target=\"_self\" rel=\"noopener\">Gesetzgebung<\/a><\/h3><p>Hier eine Zusammenfassung der Sprenggesetzgebung bez\u00fcglich der Produkte der Kategorie F4 die seit 2014 in Kraft ist.<\/p>\n\t\t\t<a href=\"\/de\/feuerwerke\/gesetzgebung\/\" target=\"_self\" rel=\"noopener\">\n\t\t\t\t\t\t\tMehr Infos\n\t\t\t\t\t<\/a>\n\t\t\t\t<a href=\"\/de\/feuerwerke\/die-kategorien-der-feuerwerke\/\" target=\"_self\" itemprop=\"url\" rel=\"noopener\">\n\t\t\t\t<img loading=\"lazy\" decoding=\"async\" src=\"https:\/\/sugyp.com\/wp-content\/uploads\/2018\/03\/CATEGORIE-DE-FEUX.jpg\" alt=\"CATEGORIE DE FEUX\" itemprop=\"image\" height=\"1024\" width=\"1024\" title=\"CATEGORIE DE FEUX\" onerror=\"this.style.display='none'\"  \/>\n\t\t\t\t<\/a>\n<h3><a href=\"\/de\/feuerwerke\/die-kategorien-der-feuerwerke\/\" target=\"_self\" rel=\"noopener\">Die Kategorien<\/a><\/h3><p>In der Schweiz sind die Feuerwerke in verschiedene Kategorien eingeordnet. Klicken Sie hier, um die Details dieser Klassifizierung zu erhalten.<\/p>\n\t\t\t<a href=\"\/de\/feuerwerke\/die-kategorien-der-feuerwerke\/\" target=\"_self\" rel=\"noopener\">\n\t\t\t\t\t\t\tMehr Infos\n\t\t\t\t\t<\/a>\n\t\t<h3>Unsere Allgemeinen Gesch\u00e4ftsbedingungen<\/h3>\n\t\t<p>Z\u00f6gern Sie nicht, unser Team zu kontaktieren, gerne beantworten wir Ihre Fragen.<\/p>\n\t\t\t<a href=\"https:\/\/sugyp.com\/wp-content\/uploads\/2025\/08\/Version-1.5-Allgemeine-Geschaftsbedingungen.pdf\" target=\"_blank\" rel=\"noopener\">\n\t\t\t\t\t\t\tDownload\n\t\t\t\t\t<\/a>\n<h2>\n\t\tFeuerwerk-Spezialisten\n\t<\/h2>\n\t\t\t\t<a href=\"\/de\/feuerwerke\/geschichte\/\" target=\"_self\" itemprop=\"url\" rel=\"noopener\">\n\t\t\t\t<img loading=\"lazy\" decoding=\"async\" src=\"https:\/\/sugyp.com\/wp-content\/uploads\/2015\/05\/feux-07.jpg\" alt=\"Historique Feux Sugyp SA\" itemprop=\"image\" height=\"539\" width=\"539\" title=\"feux-07\" onerror=\"this.style.display='none'\"  \/>\n\t\t\t\t<\/a>\n<h3><a href=\"\/de\/feuerwerke\/geschichte\/\" target=\"_self\" rel=\"noopener\">Geschichte<\/a><\/h3><p>Sugyp realisiert seit 40 Jahren mit viel Erfolg pyrotechnische Feuerwerke f\u00fcr jeden Anlass und jedes Budget im In- und Ausland.<\/p>\n\t\t\t<a href=\"\/de\/feuerwerke\/geschichte\/\" target=\"_self\" rel=\"noopener\">\n\t\t\t\t\t\t\tMehr Infos\n\t\t\t\t\t<\/a>\n\t\t\t\t<a href=\"\/de\/feuerwerke\/referenzen\/\" target=\"_self\" itemprop=\"url\" rel=\"noopener\">\n\t\t\t\t<img loading=\"lazy\" decoding=\"async\" src=\"https:\/\/sugyp.com\/wp-content\/uploads\/2016\/07\/clown-carre.jpg\" alt=\"clown carre\" itemprop=\"image\" height=\"691\" width=\"691\" title=\"clown carre\" onerror=\"this.style.display='none'\"  \/>\n\t\t\t\t<\/a>\n<h3><a href=\"\/de\/feuerwerke\/referenzen\/\" target=\"_self\" rel=\"noopener\">Referenzen<\/a><\/h3><p>Wir realisieren mehr als 450 Feuerwerke pro Jahr, davon mehr als 250 am Nationalfeiertag, dem 1. August. Wir realisieren Feuerwerke f\u00fcr alle Bed\u00fcrfnisse f\u00fcr Hochzeiten, Geburtstage, Berufsanl\u00e4sse und grosse Shows in der Schweiz und im Ausland.<\/p>\n\t\t\t<a href=\"\/de\/feuerwerke\/referenzen\/\" target=\"_self\" rel=\"noopener\">\n\t\t\t\t\t\t\tMehr Infos\n\t\t\t\t\t<\/a>\n\t\t\t\t<a href=\"https:\/\/sugyp.com\/de\/feuerwerke\/auszeichnungen\/\" target=\"_self\" itemprop=\"url\" rel=\"noopener\">\n\t\t\t\t<img loading=\"lazy\" decoding=\"async\" src=\"https:\/\/sugyp.com\/wp-content\/uploads\/2015\/05\/feux-09-Hannover-alt.jpg\" alt=\"R\u00e9compenses Sugyp\" itemprop=\"image\" height=\"1024\" width=\"1024\" title=\"feux-09-Hannover-alt\" onerror=\"this.style.display='none'\"  \/>\n\t\t\t\t<\/a>\n<h3><a href=\"https:\/\/sugyp.com\/de\/feuerwerke\/auszeichnungen\/\" target=\"_self\" rel=\"noopener\">Auszeichnungen<\/a><\/h3><p>Das Sugyp-Team liebt diese Herausforderungen ! Internationale Wettbewerbe geben uns die M\u00f6glichkeit uns mit den Weltbesten zu messen. Diese ehrgeizigen Projekte erlauben uns unsere k\u00fcnstlerische Kreativit\u00e4t, verbunden mit den neuesten Technologien zu erweitern und unser Team zusammenzuschweissen.<\/p>\n\t\t\t<a href=\"https:\/\/sugyp.com\/de\/feuerwerke\/auszeichnungen\/\" target=\"_self\" rel=\"noopener\">\n\t\t\t\t\t\t\tMehr Infos\n\t\t\t\t\t<\/a>\n\t\t\t\t<img loading=\"lazy\" decoding=\"async\" src=\"https:\/\/sugyp.com\/wp-content\/uploads\/2024\/12\/Logo-ProFeuerwerk-logo-1024x380.jpg\" alt=\"pro feuerwerk\" itemprop=\"image\" height=\"380\" width=\"1024\" title=\"pro feuerwerk\" onerror=\"this.style.display='none'\"  \/>\n\t\t<h3>F\u00fcr den Erhalt der Feuerwerkbranche - Unterst\u00fctzen Sie Pro Feuerwerk<\/h3>\n\t\t<p>Die Schweizer Feuerwerkbranche steht vor einer grossen Herausforderung mit der Feuerwerksverbotsinitiative, die unsere Tradition und Leidenschaft gef\u00e4hrdet. Der Verein Pro Feuerwerk setzt sich aktiv f\u00fcr den Schutz und die F\u00f6rderung unserer Branche ein, um ein sicheres und verantwortungsvolles Feuerwerk auch in Zukunft und f\u00fcr die n\u00e4chsten Generationen zu gew\u00e4hrleisten.<\/p>\n\t\t\t<a href=\"https:\/\/profeuerwerk.ch\/\" target=\"_blank\" rel=\"noopener\">\n\t\t\t\t\t\t\tMehr Infos\n\t\t\t\t\t<\/a>\n\t\t\t\t<img loading=\"lazy\" decoding=\"async\" src=\"https:\/\/sugyp.com\/wp-content\/uploads\/2015\/05\/1920px-Myclimate.png\" alt=\"1920px-Myclimate\" itemprop=\"image\" height=\"639\" width=\"1920\" title=\"1920px-Myclimate\" onerror=\"this.style.display='none'\"  \/>\n\t\t<h3>\u00d6ko-Verantwortung<\/h3>\n\t\t<p>Im Rahmen unseres Engagements f\u00fcr den Klimaschutz \u00fcbernehmen wir Verantwortung f\u00fcr die verursachten Treibhausgasemissionen, welche durch die Produktion, die Importation, den Transport und den Gebrauch von Feuerwerken entstehen und finanzieren in der H\u00f6he der berechneten Emissionen hochwertige Klimaschutzprojekte der Stiftung <strong>myclimate<\/strong>.<\/p>\n\t\t\t<a href=\"https:\/\/sugyp.com\/wp-content\/uploads\/2024\/03\/Sugyp-Oko-Verantwortung-de.pdf\" target=\"_blank\" rel=\"noopener\">\n\t\t\t\t\t\t\tMehr Infos\n\t\t\t\t\t<\/a>\n\t\t<h3>Links zu Videos<\/h3>\n\t\t<p>Hier finden Sie Videos von unseren Feuerwerk-Spektakeln.<\/p>\n\t\t\t<a href=\"\/de\/feuerwerke\/fotos-und-videos\/\" target=\"_self\" rel=\"noopener\">\n\t\t\t\t\t\t\tVideos\n\t\t\t\t\t<\/a>\n\n","protected":false},"excerpt":{"rendered":"<p>Feuerwerke Wir realisieren \u00fcber 450 Feuerwerke pro Jahr, davon mehr als 250 am 1. August, dem Schweizer Nationalfeiertag. Wir organisieren Feuerwerke und grosse Pyrospektakel nach Ihren W\u00fcnschen in der ganzen Schweiz und im Ausland, -sei&#8217;s f\u00fcr eine Hochzeit, ein Jubil\u00e4um, ein Geburtstagsfest, eine Firmenfeier oder ein \u00f6ffentliches Fest. Kontakt Innovation, Qualit\u00e4t und Sicherheit &#8211; so&hellip;<\/p>\n","protected":false},"author":5,"featured_media":0,"parent":0,"menu_order":1,"comment_status":"closed","ping_status":"closed","template":"","meta":{"_acf_changed":false,"inline_featured_image":false,"footnotes":""},"acf":[],"_links":{"self":[{"href":"https:\/\/sugyp.com\/de\/wp-json\/wp\/v2\/pages\/405"}],"collection":[{"href":"https:\/\/sugyp.com\/de\/wp-json\/wp\/v2\/pages"}],"about":[{"href":"https:\/\/sugyp.com\/de\/wp-json\/wp\/v2\/types\/page"}],"author":[{"embeddable":true,"href":"https:\/\/sugyp.com\/de\/wp-json\/wp\/v2\/users\/5"}],"replies":[{"embeddable":true,"href":"https:\/\/sugyp.com\/de\/wp-json\/wp\/v2\/comments?post=405"}],"version-history":[{"count":102,"href":"https:\/\/sugyp.com\/de\/wp-json\/wp\/v2\/pages\/405\/revisions"}],"predecessor-version":[{"id":3340,"href":"https:\/\/sugyp.com\/de\/wp-json\/wp\/v2\/pages\/405\/revisions\/3340"}],"wp:attachment":[{"href":"https:\/\/sugyp.com\/de\/wp-json\/wp\/v2\/media?parent=405"}],"curies":[{"name":"wp","href":"https:\/\/api.w.org\/{rel}","templated":true}]}}