{"id":402,"date":"2015-08-03T14:49:19","date_gmt":"2015-08-03T12:49:19","guid":{"rendered":"https:\/\/sug.test\/?page_id=402"},"modified":"2025-12-18T08:24:51","modified_gmt":"2025-12-18T07:24:51","slug":"startseite","status":"publish","type":"page","link":"https:\/\/sugyp.com\/de\/","title":{"rendered":"Startseite"},"content":{"rendered":"\n\n\t\t\t\t<a href=\"https:\/\/sugyp.com\/de\/feuerwerke\/\" target=\"_self\" itemprop=\"url\" rel=\"noopener\">\n\t\t\t\t<img loading=\"lazy\" decoding=\"async\" src=\"https:\/\/sugyp.com\/wp-content\/uploads\/2015\/08\/intro_sugyp-de.jpg\" alt=\"intro_sugyp-de\" itemprop=\"image\" height=\"768\" width=\"768\" title=\"intro_sugyp-de\" onerror=\"this.style.display='none'\"  \/>\n\t\t\t\t<\/a>\n\t\t\t\t<a href=\"https:\/\/sugyp.com\/de\/vertrieb\/\" target=\"_self\" itemprop=\"url\" rel=\"noopener\">\n\t\t\t\t<img loading=\"lazy\" decoding=\"async\" src=\"https:\/\/sugyp.com\/wp-content\/uploads\/2024\/03\/sugyp-distribution-de.jpg\" alt=\"sugyp-distribution-de\" itemprop=\"image\" height=\"768\" width=\"768\" title=\"sugyp-distribution-de\" onerror=\"this.style.display='none'\"  \/>\n\t\t\t\t<\/a>\n\t\t\t\t<a href=\"https:\/\/sugyp.com\/de\/sugyp-services-hauterive\/\" target=\"_blank\" rel=\"noopener\" itemprop=\"url\">\n\t\t\t\t<img loading=\"lazy\" decoding=\"async\" src=\"https:\/\/sugyp.com\/wp-content\/uploads\/2025\/04\/sugyp-service.jpg\" alt=\"sugyp-service\" itemprop=\"image\" height=\"768\" width=\"768\" title=\"sugyp-service\" onerror=\"this.style.display='none'\"  \/>\n\t\t\t\t<\/a>\n\t\t\t\t<a href=\"https:\/\/sugyp.com\/de\/gestaltung-und-logistik-von-veranstaltungen\/\" target=\"_self\" itemprop=\"url\" rel=\"noopener\">\n\t\t\t\t<img loading=\"lazy\" decoding=\"async\" src=\"https:\/\/sugyp.com\/wp-content\/uploads\/2024\/02\/sugyp-event-en.jpg\" alt=\"sugyp-event-en\" itemprop=\"image\" height=\"768\" width=\"768\" title=\"sugyp-event-en\" onerror=\"this.style.display='none'\"  \/>\n\t\t\t\t<\/a>\n\t<p>Im Herzen der Westschweiz in Corcelles-pr\u00e8s-Payerne (VD) ans\u00e4ssig, f\u00fchren wir ein breites Angebot an Produkten in unseren 4 Gesch\u00e4ftsbereichen. Profitieren Sie von 50 Jahren Erfahrung !<\/p>\n\n","protected":false},"excerpt":{"rendered":"<p>Im Herzen der Westschweiz in Corcelles-pr\u00e8s-Payerne (VD) ans\u00e4ssig, f\u00fchren wir ein breites Angebot an Produkten in unseren 4 Gesch\u00e4ftsbereichen. Profitieren Sie von 50 Jahren Erfahrung !<\/p>\n","protected":false},"author":5,"featured_media":0,"parent":0,"menu_order":0,"comment_status":"closed","ping_status":"closed","template":"","meta":{"_acf_changed":false,"inline_featured_image":false,"footnotes":""},"acf":[],"_links":{"self":[{"href":"https:\/\/sugyp.com\/de\/wp-json\/wp\/v2\/pages\/402"}],"collection":[{"href":"https:\/\/sugyp.com\/de\/wp-json\/wp\/v2\/pages"}],"about":[{"href":"https:\/\/sugyp.com\/de\/wp-json\/wp\/v2\/types\/page"}],"author":[{"embeddable":true,"href":"https:\/\/sugyp.com\/de\/wp-json\/wp\/v2\/users\/5"}],"replies":[{"embeddable":true,"href":"https:\/\/sugyp.com\/de\/wp-json\/wp\/v2\/comments?post=402"}],"version-history":[{"count":38,"href":"https:\/\/sugyp.com\/de\/wp-json\/wp\/v2\/pages\/402\/revisions"}],"predecessor-version":[{"id":3282,"href":"https:\/\/sugyp.com\/de\/wp-json\/wp\/v2\/pages\/402\/revisions\/3282"}],"wp:attachment":[{"href":"https:\/\/sugyp.com\/de\/wp-json\/wp\/v2\/media?parent=402"}],"curies":[{"name":"wp","href":"https:\/\/api.w.org\/{rel}","templated":true}]}}