{"id":1502,"date":"2021-01-21T14:40:26","date_gmt":"2021-01-21T13:40:26","guid":{"rendered":"https:\/\/sug.test\/?page_id=1502"},"modified":"2021-01-21T14:40:26","modified_gmt":"2021-01-21T13:40:26","slug":"flammen-spektakel","status":"publish","type":"page","link":"https:\/\/sugyp.com\/de\/feuerwerke\/flammen-spektakel\/","title":{"rendered":"Flammen-Spektakel"},"content":{"rendered":"\n<h1>\n\t\tFlammen-Spektakel\n\t<\/h1>\n\t[rs_bread]\n\t<h3>Flammen-spektakel vom Sugyp<\/h3>\n<p>Unsere Flammenwerfer, fl\u00fcssig oder gasf\u00f6rmig, fix oder motorisiert, erlauben uns Innenfeuerwerke, wie auch Feuerwerke im Freien mit kleinen Sicherheitsabst\u00e4nden zu realisieren. Sie sind alle vorprogrammiert und durch Hochfrequenz gesteuert.<\/p>\n<p>Wir k\u00f6nnen Ihnen ein Flammen-Spektakel von 4 bis 7 Minuten, vollst\u00e4ndig mit Musik synchronisiert, ab CHF 3&#8217;000.- ohne MwSt. anbieten.<\/p>\n<p>Diese Flammenwerfer k\u00f6nnen auch in ein pyromelodisches Spektakel, ein Barock-Feuerwerk oder ein Sportanlass (Spielereingang, w\u00e4hrend des Spiels, Zielankunft der Sportler usw.) integriert werden.<\/p>\n<p>Der Gebrauch von Flammenwerfern braucht keine Abbrandbewilligung im Freien.<\/p>\n<p>Um die Showeffekte zu variieren benutzen wir zwei Typen von Flammenwerfern.<\/p>\n<h3>Gasf\u00f6rmige Flammen<\/h3>\n<ul>\n<li>Projektion mit fixen D\u00fcsen.<\/li>\n<li>Gebrauch von fl\u00fcssigem Gas.<\/li>\n<li>Produziert zus\u00e4tzlich zu den gasf\u00f6rmigen Flammen, Feuerballsequenzen (atomare Projektionen).<\/li>\n<\/ul>\n<h3>Fl\u00fcssige Flammen<\/h3>\n<ul>\n<li>Projektion mit beweglichen D\u00fcsen.<\/li>\n<li>Die Flammen k\u00f6nnen in einem Winkel zwischen -105\u00b0 und +105\u00b0 projiziert werden, dies dank der Drehung der D\u00fcse auf seiner Axe.<\/li>\n<li>Sie k\u00f6nnen je nach Bedarf kurz oder lang, bewegend oder stehend produziert werden.<\/li>\n<li>Die projektierten Flammen sind sehr breit.<\/li>\n<\/ul>\n<h3>Die Pyrotechnische Schrift<\/h3>\n<p>Mit einer pyrotechnischen Schrift k\u00f6nnen Sie Ihr Logo, Ihre Initialen, Formen oder einen Text realisieren.<\/p>\n<p>Es gibt zwei M\u00f6glichkeiten:<\/p>\n<ul>\n<li>pyrotechnische Buchstaben (farbig, Dauer: 1 Minute)<\/li>\n<li>Feuerbuchstaben (in Flammen, Dauer: ca. 10 Minuten)<\/li>\n<\/ul>\n<p>Sie eignen sich sehr gut f\u00fcr kleine Aussenfl\u00e4chen und k\u00f6nnen mit barocken Elementen (Vulkane, Jets, Wasserf\u00e4lle usw.) erg\u00e4nzt werden.<\/p>\n<h3>Das Barock-Feuerwerk<\/h3>\n<p>Ein barockes Feuerwerk ist ein pyrotechnisches Spektakel ohne Lufteffekte. Elegant und romantisch beleuchtet er G\u00e4rten, einzigartige Orte oder besondere Objekte (Strukturen, Kunstwerke).<\/p>\n<p>Ein barockes Feuerwerk ist ein kundennahes Spektakel, das sich ideal f\u00fcr kleine Aussenfl\u00e4chen eignet. Es kann auch mit Musik synchronisiert werden und sind die ideale Erg\u00e4nzung zu einem Flammenspektakel.<\/p>\n\t\t\t<a href=\"https:\/\/sugyp.com\/de\/kontakt\/\" target=\"_self\" role=\"button\" rel=\"noopener\">\n\t\t\t\t\t\t\tKontakt\n\t\t\t\t\t<\/a>\n\n","protected":false},"excerpt":{"rendered":"<p>Flammen-Spektakel [rs_bread] Flammen-spektakel vom Sugyp Unsere Flammenwerfer, fl\u00fcssig oder gasf\u00f6rmig, fix oder motorisiert, erlauben uns Innenfeuerwerke, wie auch Feuerwerke im Freien mit kleinen Sicherheitsabst\u00e4nden zu realisieren. Sie sind alle vorprogrammiert und durch Hochfrequenz gesteuert. Wir k\u00f6nnen Ihnen ein Flammen-Spektakel von 4 bis 7 Minuten, vollst\u00e4ndig mit Musik synchronisiert, ab CHF 3&#8217;000.- ohne MwSt. anbieten. Diese&hellip;<\/p>\n","protected":false},"author":5,"featured_media":0,"parent":405,"menu_order":0,"comment_status":"closed","ping_status":"closed","template":"","meta":{"_acf_changed":false,"inline_featured_image":false,"footnotes":""},"acf":[],"_links":{"self":[{"href":"https:\/\/sugyp.com\/de\/wp-json\/wp\/v2\/pages\/1502"}],"collection":[{"href":"https:\/\/sugyp.com\/de\/wp-json\/wp\/v2\/pages"}],"about":[{"href":"https:\/\/sugyp.com\/de\/wp-json\/wp\/v2\/types\/page"}],"author":[{"embeddable":true,"href":"https:\/\/sugyp.com\/de\/wp-json\/wp\/v2\/users\/5"}],"replies":[{"embeddable":true,"href":"https:\/\/sugyp.com\/de\/wp-json\/wp\/v2\/comments?post=1502"}],"version-history":[{"count":2,"href":"https:\/\/sugyp.com\/de\/wp-json\/wp\/v2\/pages\/1502\/revisions"}],"predecessor-version":[{"id":1504,"href":"https:\/\/sugyp.com\/de\/wp-json\/wp\/v2\/pages\/1502\/revisions\/1504"}],"up":[{"embeddable":true,"href":"https:\/\/sugyp.com\/de\/wp-json\/wp\/v2\/pages\/405"}],"wp:attachment":[{"href":"https:\/\/sugyp.com\/de\/wp-json\/wp\/v2\/media?parent=1502"}],"curies":[{"name":"wp","href":"https:\/\/api.w.org\/{rel}","templated":true}]}}